{"id":442,"date":"2017-02-24T08:57:14","date_gmt":"2017-02-24T08:57:14","guid":{"rendered":"http:\/\/demo.ovathemes.com\/codepoint\/?page_id=442"},"modified":"2025-10-08T17:43:14","modified_gmt":"2025-10-08T14:43:14","slug":"home-3","status":"publish","type":"page","link":"https:\/\/orduvinc.com.tr\/","title":{"rendered":"Ordu Vin\u00e7"},"content":{"rendered":"<div class=\"wpb-content-wrapper\"><p>[vc_row full_width=&#8221;stretch_row_content_no_spaces&#8221; css=&#8221;.vc_custom_1487660216390{margin-top: -50px !important;}&#8221;][vc_column]<section id=\"hero-3\" class=\"hero-section\">\t\t\t\n\t\t\t\n\t\t\t\t<!-- SLIDES HOLDER -->\t\n\t\t\t\t<div id=\"slides\">\n\t\t\t\t\t<ul class=\"slides-container white-color\">\n\t\t\t\t\t\t<li>\n\n\t\t\t\t<!-- HERO SLIDE TEXT -->\t\n\t\t\t\t<div class=\"hero-txt text-center\">\n\n\t\t\t\t\t<!-- Title -->\t\n\t\t\t\t\t<h2 class=\"h2-hero-lg\">Ordu Vin\u00e7 Kiralama<\/h2>\n\t\t\t\t\t\n\t\t\t\t\t<!-- Text -->\t\n\t\t\t\t\t<p class=\"p-hero-lg\">Modern ekipmanlar\u0131m\u0131z, g\u00fc\u00e7l\u00fc ara\u00e7 filomuz ve deneyimli operat\u00f6r kadromuzla in\u015faat, sanayi ve fabrika projelerinde g\u00fcvenli \u00e7\u00f6z\u00fcmler \u00fcretiyoruz.<\/p>\t\n\t\t\t\t\t\t\t\t\t\t\t\t\t\t\t\t\t\t\t\t\t\t\t\t\t\t\t\t\t\t\t\t\t\n\t\t\t\t\t<!-- Button -->\t\n\t\t\t\t\t<a class=\"btn btn-lg tra-hover m-top-30\" href=\"#iletisim\" target=\"_self\">\u0130leti\u015fim <i class=\"fa fa-angle-double-right\" aria-hidden=\"true\"><\/i><\/a>\t\n\t\t\t\t\t\n\t\t\t\t<\/div>\n\t\t\t\t\t\n\t\t\t\t<!-- SLIDE BACKGROUND IMAGE -->\t\n\t\t\t\t<img decoding=\"async\" src=\"https:\/\/orduvinc.com.tr\/wp-content\/uploads\/2025\/10\/giresun-vinc-slider.jpg\" alt=\"Ordu Vin\u00e7 Kiralama\">\n\t\t\t\t\t\t\t\t\t\t\t\t\n\t\t\t<\/li><li>\n\n\t\t\t\t<!-- HERO SLIDE TEXT -->\t\n\t\t\t\t<div class=\"hero-txt text-center\">\n\n\t\t\t\t\t<!-- Title -->\t\n\t\t\t\t\t<h2 class=\"h2-hero-lg\">Ordu Vin\u00e7 Kiralama<\/h2>\n\t\t\t\t\t\n\t\t\t\t\t<!-- Text -->\t\n\t\t\t\t\t<p class=\"p-hero-lg\">Ordu Vin\u00e7, Ordu genelinde profesyonel vin\u00e7 kiralama, y\u00fck kald\u0131rma, ta\u015f\u0131ma ve montaj hizmetleri sunan g\u00fcvenilir bir firmad\u0131r.<\/p>\t\n\t\t\t\t\t\t\t\t\t\t\t\t\t\t\t\t\t\t\t\t\t\t\t\t\t\t\t\t\t\t\t\t\t\n\t\t\t\t\t<!-- Button -->\t\n\t\t\t\t\t<a class=\"btn btn-lg btn-tra-white dark-hover m-top-30\" href=\"#iletisim\" target=\"_self\">\u0130leti\u015fim <i class=\"fa fa-angle-double-right\" aria-hidden=\"true\"><\/i><\/a>\t\n\t\t\t\t\t\n\t\t\t\t<\/div>\n\t\t\t\t\t\n\t\t\t\t<!-- SLIDE BACKGROUND IMAGE -->\t\n\t\t\t\t<img decoding=\"async\" src=\"https:\/\/orduvinc.com.tr\/wp-content\/uploads\/2025\/10\/giresun-vinc-slider-2.jpg\" alt=\"Ordu Vin\u00e7 Kiralama\">\n\t\t\t\t\t\t\t\t\t\t\t\t\n\t\t\t<\/li>\n\t\t\t\t\t<\/ul><nav class=\"slides-navigation\">\n\t\t\t\t\t\t<a href=\"#\" class=\"next fa fa-angle-right\"><\/a>\n\t\t\t\t\t\t<a href=\"#\" class=\"prev fa fa-angle-left\"><\/a>\n\t\t\t\t\t<\/nav><\/div><div class=\"scroll-down\">\n\t\t\t\t\t\t\t\t<div class=\"mouse\">\n\t\t\t\t\t\t\t\t\t<span class=\"fa fa-angle-down\"><\/span>\n\t\t\t\t\t\t\t\t<\/div>\n\t\t\t\t\t\t\t\t<span>Scroll down<\/span>\n\t\t\t\t\t\t\t<\/div><\/section>[\/vc_column][\/vc_row][vc_row el_class=&#8221;wide-50 about-section division&#8221; el_id=&#8221;hakkimizda&#8221;][vc_column width=&#8221;5\/12&#8243;]<div class=\"\"><div class=\"about-txt p-right-20\">\n\t\t\t\t\t\t\n\t\t\t\t\t\n\t\t\t\t\t<h3 class=\"h3-small\">Ordu Vin\u00e7 Kiralama Hizmeti<\/h3>\n\t\t\t\t\t\n\t\t\t\t\t\n\t\t\t\t\t<p class=\"p-lg\">\u0130ster \u015fantiye projesi, ister fabrika montaj\u0131 olsun; Ordu vin\u00e7 hizmetleri ile i\u015finizi g\u00fcvenle tamamlaman\u0131z\u0131 sa\u011fl\u0131yoruz.<br \/>\nHer projeye \u00f6zel planlama yaparak, g\u00fcvenli ve profesyonel vin\u00e7 \u00e7\u00f6z\u00fcmleri sunuyoruz.<\/p>\n<p>Ordu Vin\u00e7 olarak \u00f6nceli\u011fimiz, g\u00fcvenlikten \u00f6d\u00fcn vermeden kaliteli hizmet sunmak ve m\u00fc\u015fteri memnuniyetini en \u00fcst seviyede tutmakt\u0131r.<\/p>\n\t\t\t\t\t\n\t\t\t\t\t\n\t\t\t\t\t<p>\u2699\ufe0f Neden Ordu Vin\u00e7?<\/p>\n<p>G\u00fc\u00e7l\u00fc ve bak\u0131ml\u0131 vin\u00e7 filosu<\/p>\n<p>Sertifikal\u0131, tecr\u00fcbeli operat\u00f6r ekibi<\/p>\n<p>H\u0131zl\u0131 ula\u015f\u0131m ve zaman\u0131nda teslim<\/p>\n<p>Uygun fiyatl\u0131 kiralama se\u00e7enekleri<\/p>\n<p>7\/24 kesintisiz destek hizmeti\n\t\t\t\t\t<\/p><\/div><\/div>[\/vc_column][vc_column width=&#8221;7\/12&#8243;][vc_row_inner][vc_column_inner width=&#8221;1\/2&#8243;][vc_single_image image=&#8221;652&#8243; img_size=&#8221;full&#8221; alignment=&#8221;center&#8221; css=&#8221;&#8221;][\/vc_column_inner][vc_column_inner width=&#8221;1\/2&#8243;][vc_single_image image=&#8221;653&#8243; img_size=&#8221;full&#8221; alignment=&#8221;center&#8221; css=&#8221;&#8221;][\/vc_column_inner][\/vc_row_inner][\/vc_column][\/vc_row][vc_row 0=&#8221;full_width=&#8220;&#8220;stretch_row&#8220;&#8220;&#8221; 1=&#8221;el_class=&#8220;&#8220;wide-50&#8220;&#8221; 2=&#8221;css=&#8220;&#8220;.vc_custom_1487732905890{background-image:&#8220;&#8221; el_id=&#8221;arac-filomuz&#8221; css=&#8221;.vc_custom_1759934581114{margin-top: 30px !important;margin-bottom: 30px !important;}&#8221;][vc_column 0=&#8221;width=&#8220;&#8220;1\/2&#8220;&#8220;&#8221; 1=&#8221;el_class=&#8220;&#8220;content-1-txt&#8220;&#8221;][vc_custom_heading text=&#8221;Ara\u00e7 Filomuz&#8221; font_container=&#8221;tag:h2|text_align:center&#8221; google_fonts=&#8221;font_family:Raleway%3A100%2C200%2C300%2Cregular%2C500%2C600%2C700%2C800%2C900|font_style:600%20bold%20regular%3A600%3Anormal&#8221; css=&#8221;&#8221;][vc_gallery type=&#8221;image_grid&#8221; images=&#8221;640,639,641,642,643,644,645,646,647,648,649,650,651,652,653&#8243; img_size=&#8221;380&#215;300&#8243; css=&#8221;&#8221;][vc_column_text css=&#8221;&#8221;]<\/p>\n<h2 data-start=\"244\" data-end=\"304\"><strong data-start=\"247\" data-end=\"304\">Ordu Vin\u00e7 | G\u00fcvenli ve Etkili Vin\u00e7 Kiralama \u00c7\u00f6z\u00fcmleri<\/strong><\/h2>\n<p data-start=\"306\" data-end=\"550\"><strong data-start=\"306\" data-end=\"319\">Ordu Vin\u00e7<\/strong>, Ordu\u2019da vin\u00e7 kiralama, y\u00fck kald\u0131rma ve ta\u015f\u0131ma hizmetlerinde profesyonel \u00e7\u00f6z\u00fcmler sunan deneyimli bir firmad\u0131r. Modern vin\u00e7 ekipmanlar\u0131m\u0131z ve tecr\u00fcbeli operat\u00f6r kadromuzla, her \u00f6l\u00e7ekte projede g\u00fcvenli ve h\u0131zl\u0131 hizmet sa\u011fl\u0131yoruz.<\/p>\n<p data-start=\"552\" data-end=\"856\">\u0130n\u015faat, sanayi, fabrika montaj\u0131, \u00e7elik konstr\u00fcksiyon veya makine ta\u015f\u0131ma gibi alanlarda uzmanla\u015fm\u0131\u015f olan firmam\u0131z, <strong data-start=\"666\" data-end=\"688\">Ordu vin\u00e7 kiralama<\/strong> sekt\u00f6r\u00fcnde m\u00fc\u015fteri memnuniyeti ve i\u015f g\u00fcvenli\u011fi odakl\u0131 \u00e7al\u0131\u015fmaktad\u0131r. T\u00fcm vin\u00e7lerimiz d\u00fczenli olarak bak\u0131m ve kontrol s\u00fcre\u00e7lerinden ge\u00e7erek maksimum performans sunar.<\/p>\n<p data-start=\"858\" data-end=\"1039\"><strong data-start=\"858\" data-end=\"882\">Ordu vin\u00e7 hizmetleri<\/strong>, hem bireysel hem de kurumsal projelere uygun fiyatlarla sunulmaktad\u0131r. \u0130\u015finizin b\u00fcy\u00fckl\u00fc\u011f\u00fc ne olursa olsun, profesyonel ekibimizle her zaman yan\u0131n\u0131zday\u0131z.<\/p>\n<h3 data-start=\"1041\" data-end=\"1089\">\ud83d\udea7 <strong data-start=\"1048\" data-end=\"1089\">Neden Ordu Vin\u00e7\u2019i Tercih Etmelisiniz?<\/strong><\/h3>\n<ul data-start=\"1090\" data-end=\"1279\">\n<li data-start=\"1090\" data-end=\"1131\">\n<p data-start=\"1092\" data-end=\"1131\">Teknolojik donan\u0131ma sahip vin\u00e7 filosu<\/p>\n<\/li>\n<li data-start=\"1132\" data-end=\"1168\">\n<p data-start=\"1134\" data-end=\"1168\">Deneyimli ve belgeli operat\u00f6rler<\/p>\n<\/li>\n<li data-start=\"1169\" data-end=\"1213\">\n<p data-start=\"1171\" data-end=\"1213\">Ordu genelinde h\u0131zl\u0131 ve zaman\u0131nda hizmet<\/p>\n<\/li>\n<li data-start=\"1214\" data-end=\"1240\">\n<p data-start=\"1216\" data-end=\"1240\">Uygun fiyat politikas\u0131<\/p>\n<\/li>\n<li data-start=\"1241\" data-end=\"1279\">\n<p data-start=\"1243\" data-end=\"1279\">7\/24 teknik destek ve saha deste\u011fi<\/p>\n<\/li>\n<\/ul>\n<p data-start=\"1281\" data-end=\"1489\">A\u011f\u0131r y\u00fckleri ta\u015f\u0131mak, kald\u0131rmak veya montaj yapmak i\u00e7in g\u00fcvenilir bir \u00e7\u00f6z\u00fcm ar\u0131yorsan\u0131z, do\u011fru adres <strong data-start=\"1382\" data-end=\"1395\">Ordu Vin\u00e7<\/strong>.<br data-start=\"1396\" data-end=\"1399\">G\u00fc\u00e7l\u00fc altyap\u0131m\u0131z, deneyimimiz ve profesyonel kadromuzla i\u015flerinizi g\u00fcvenle tamaml\u0131yoruz.<\/p>\n<p data-start=\"1491\" data-end=\"1572\">\ud83d\udcde <strong data-start=\"1494\" data-end=\"1572\">Bug\u00fcn bizimle ileti\u015fime ge\u00e7in, Ordu vin\u00e7 kiralama f\u0131rsatlar\u0131n\u0131 ka\u00e7\u0131rmay\u0131n!<\/strong><\/p>\n<p>[\/vc_column_text][\/vc_column][\/vc_row][vc_row el_class=&#8221;wide-50 contacts-section division&#8221; el_id=&#8221;iletisim&#8221; css=&#8221;.vc_custom_1759934543050{margin-bottom: 0px !important;padding-bottom: 0px !important;}&#8221;][vc_column offset=&#8221;vc_col-lg-6 vc_col-md-6&#8243;][vc_custom_heading text=&#8221;\u0130leti\u015fim Adreslerimiz&#8221; google_fonts=&#8221;font_family:Raleway%3A100%2C200%2C300%2Cregular%2C500%2C600%2C700%2C800%2C900|font_style:600%20bold%20regular%3A600%3Anormal&#8221; css=&#8221;&#8221;][vc_row_inner css=&#8221;.vc_custom_1487908977985{margin-top: 25px !important;}&#8221;][vc_column_inner][vc_empty_space]<div class=\"contact-address \">\n\t\t\t<h5><span class=\"ti-home\"><\/span> Adres:<\/h5>\n\t\t\t<p>Pazarsuyu Emecen Mahallesi D\u00fcz Sokak No:31\/1 Bulancak\/Giresun<\/p>\n\t\t\t<\/div>\t[\/vc_column_inner][vc_column_inner width=&#8221;1\/2&#8243;]<div class=\"contact-address \">\n\t\t\t<h5><span class=\"ti-info-alt\"><\/span> Telefon Numaram\u0131z<\/h5>\n\t\t\t<p>+90 532 059 65 28<\/p>\n\t\t\t<\/div>\t[\/vc_column_inner][\/vc_row_inner][\/vc_column][vc_column el_class=&#8221;contacts-txt m-bottom-50 p-left-45&#8243; offset=&#8221;vc_col-lg-6 vc_col-md-6&#8243;][vc_raw_html css=&#8221;.vc_custom_1487909099963{margin-top: 15px !important;margin-bottom: 0px !important;padding-top: 0px !important;padding-bottom: 0px !important;}&#8221;]JTNDZGl2JTIwY2xhc3MlM0QlMjJiLWJvdHRvbS1ncmV5JTIwbS1ib3R0b20tMzAlMjIlM0UlM0MlMkZkaXYlM0UlMjAlMDk=[\/vc_raw_html][vc_gmaps link=&#8221;#E-8_JTNDaWZyYW1lJTIwc3JjJTNEJTIyaHR0cHMlM0ElMkYlMkZ3d3cuZ29vZ2xlLmNvbSUyRm1hcHMlMkZlbWJlZCUzRnBiJTNEJTIxMW0xNyUyMTFtMTIlMjExbTMlMjExZDE4NjIuMDkwNTI0Njc3MjM1MiUyMTJkMzguMTIzNDQwNzY4NDM4NjglMjEzZDQwLjk1MTkzOTM2NzU0NTIzJTIxMm0zJTIxMWYwJTIxMmYwJTIxM2YwJTIxM20yJTIxMWkxMDI0JTIxMmk3NjglMjE0ZjEzLjElMjEzbTIlMjExbTElMjEycyUyMTVlMCUyMTNtMiUyMTFzdHIlMjEyc3RyJTIxNHYxNzU5OTI0OTY5NzU2JTIxNW0yJTIxMXN0ciUyMTJzdHIlMjIlMjB3aWR0aCUzRCUyMjYwMCUyMiUyMGhlaWdodCUzRCUyMjQ1MCUyMiUyMHN0eWxlJTNEJTIyYm9yZGVyJTNBMCUzQiUyMiUyMGFsbG93ZnVsbHNjcmVlbiUzRCUyMiUyMiUyMGxvYWRpbmclM0QlMjJsYXp5JTIyJTIwcmVmZXJyZXJwb2xpY3klM0QlMjJuby1yZWZlcnJlci13aGVuLWRvd25ncmFkZSUyMiUzRSUzQyUyRmlmcmFtZSUzRQ==&#8221; css=&#8221;&#8221; el_class=&#8221;contact_map&#8221;][\/vc_column][\/vc_row]<\/p>\n<\/div>","protected":false},"excerpt":{"rendered":"<p>[vc_row full_width=&#8221;stretch_row_content_no_spaces&#8221; css=&#8221;.vc_custom_1487660216390{margin-top: -50px !important;}&#8221;][vc_column][\/vc_column][\/vc_row][vc_row el_class=&#8221;wide-50 about-section division&#8221; el_id=&#8221;hakkimizda&#8221;][vc_column width=&#8221;5\/12&#8243;][\/vc_column][vc_column width=&#8221;7\/12&#8243;][vc_row_inner][vc_column_inner width=&#8221;1\/2&#8243;][vc_single_image image=&#8221;652&#8243; img_size=&#8221;full&#8221; alignment=&#8221;center&#8221; css=&#8221;&#8221;][\/vc_column_inner][vc_column_inner width=&#8221;1\/2&#8243;][vc_single_image image=&#8221;653&#8243; img_size=&#8221;full&#8221; alignment=&#8221;center&#8221; css=&#8221;&#8221;][\/vc_column_inner][\/vc_row_inner][\/vc_column][\/vc_row][vc_row 0=&#8221;full_width=&#8220;&#8220;stretch_row&#8220;&#8220;&#8221; 1=&#8221;el_class=&#8220;&#8220;wide-50&#8220;&#8221; 2=&#8221;css=&#8220;&#8220;.vc_custom_1487732905890{background-image:&#8220;&#8221; el_id=&#8221;arac-filomuz&#8221; css=&#8221;.vc_custom_1759934581114{margin-top: 30px !important;margin-bottom: 30px !important;}&#8221;][vc_column 0=&#8221;width=&#8220;&#8220;1\/2&#8220;&#8220;&#8221; 1=&#8221;el_class=&#8220;&#8220;content-1-txt&#8220;&#8221;][vc_custom_heading text=&#8221;Ara\u00e7 Filomuz&#8221; font_container=&#8221;tag:h2|text_align:center&#8221; google_fonts=&#8221;font_family:Raleway%3A100%2C200%2C300%2Cregular%2C500%2C600%2C700%2C800%2C900|font_style:600%20bold%20regular%3A600%3Anormal&#8221; css=&#8221;&#8221;][vc_gallery type=&#8221;image_grid&#8221; images=&#8221;640,639,641,642,643,644,645,646,647,648,649,650,651,652,653&#8243; img_size=&#8221;380&#215;300&#8243; css=&#8221;&#8221;][vc_column_text css=&#8221;&#8221;] Ordu Vin\u00e7 | G\u00fcvenli ve Etkili Vin\u00e7 Kiralama \u00c7\u00f6z\u00fcmleri Ordu Vin\u00e7, Ordu\u2019da vin\u00e7 [&hellip;]<\/p>\n","protected":false},"author":1,"featured_media":0,"parent":0,"menu_order":0,"comment_status":"closed","ping_status":"closed","template":"","meta":{"footnotes":""},"class_list":["post-442","page","type-page","status-publish","hentry"],"_links":{"self":[{"href":"https:\/\/orduvinc.com.tr\/index.php\/wp-json\/wp\/v2\/pages\/442","targetHints":{"allow":["GET"]}}],"collection":[{"href":"https:\/\/orduvinc.com.tr\/index.php\/wp-json\/wp\/v2\/pages"}],"about":[{"href":"https:\/\/orduvinc.com.tr\/index.php\/wp-json\/wp\/v2\/types\/page"}],"author":[{"embeddable":true,"href":"https:\/\/orduvinc.com.tr\/index.php\/wp-json\/wp\/v2\/users\/1"}],"replies":[{"embeddable":true,"href":"https:\/\/orduvinc.com.tr\/index.php\/wp-json\/wp\/v2\/comments?post=442"}],"version-history":[{"count":4,"href":"https:\/\/orduvinc.com.tr\/index.php\/wp-json\/wp\/v2\/pages\/442\/revisions"}],"predecessor-version":[{"id":665,"href":"https:\/\/orduvinc.com.tr\/index.php\/wp-json\/wp\/v2\/pages\/442\/revisions\/665"}],"wp:attachment":[{"href":"https:\/\/orduvinc.com.tr\/index.php\/wp-json\/wp\/v2\/media?parent=442"}],"curies":[{"name":"wp","href":"https:\/\/api.w.org\/{rel}","templated":true}]}}